{"id":3762,"date":"2023-06-05T11:50:31","date_gmt":"2023-06-05T11:50:31","guid":{"rendered":"https:\/\/www.yesemekkostum.com\/satilik\/?post_type=product&#038;p=3762"},"modified":"2023-06-05T11:50:35","modified_gmt":"2023-06-05T11:50:35","slug":"kafkas-yoresi-siyah-erkek-cocuk-kostumu-2","status":"publish","type":"product","link":"https:\/\/www.yesemekkostum.com\/satilik\/product\/kafkas-yoresi-siyah-erkek-cocuk-kostumu-2\/","title":{"rendered":"KAFKAS Y\u00d6RES\u0130 S\u0130YAH ERKEK \u00c7OCUK KOST\u00dcM\u00dc"},"content":{"rendered":"<p>\u2022% 100 Yerli \u00fcretim.<\/p>\n<p>.Yesemek kost\u00fcm taraf\u0131ndan tasarlan\u0131p \u00fcretilmi\u015ftir.<\/p>\n<p>Yap\u0131m\u0131nda kullan\u0131lan malzemeler \u00f6zenle se\u00e7ilmi\u015ftir.<\/p>\n<p>\u00c7ocu\u011funuz i\u00e7in g\u00fcvenle tercih edece\u011finiz bir modeldir.<\/p>\n<p>Okullar\u0131n bayram kutlamalar\u0131, y\u0131l sonu g\u00f6sterileri ve \u00f6zel g\u00fcnlerde yapacaklar\u0131 etkinlikler i\u00e7in toplu sipari\u015f al\u0131nmaktad\u0131r.<\/p>\n","protected":false},"excerpt":{"rendered":"<p>Kafkas y\u00f6resi erkek \u00e7ocuk kost\u00fcm\u00fc(siyah);Ba\u015fl\u0131k(siyah pelu\u015f kuma\u015ftan),siyah alpaka kuma\u015ftan,lase s\u00fcslemeli uzun cepken,beyaz terikoton \u00f6n\u00fc d\u00fc\u011fmeli g\u00f6mlek,deri kemer,penye tayt.Kafkas y\u00f6resi erkek \u00e7ocuk kost\u00fcm\u00fc(siyah);be\u015f par\u00e7adan olu\u015fmaktad\u0131r.<\/p>\n<p>Not: \u00dcR\u00dcN S\u0130PAR\u0130\u015e ALINARAK YAPILMAKTADIR.<\/p>\n<p>F\u0130YAT B\u0130LG\u0130S\u0130 VE TOPLU S\u0130PAR\u0130\u015eLER \u0130\u00c7\u0130N \u0130LET\u0130\u015e\u0130ME GE\u00c7\u0130N\u0130Z.<\/p>\n<p>3-10 i\u015f g\u00fcn\u00fc i\u00e7inde teslimat yap\u0131lmaktad\u0131r.<\/p>\n","protected":false},"featured_media":3440,"comment_status":"open","ping_status":"closed","template":"","meta":[],"product_brand":[],"product_cat":[170,169],"product_tag":[],"class_list":{"0":"post-3762","1":"product","2":"type-product","3":"status-publish","4":"has-post-thumbnail","6":"product_cat-cocuk-genc-halkoyunlari-2","7":"product_cat-halkoyunlari-2","9":"first","10":"instock","11":"shipping-taxable","12":"product-type-simple"},"_links":{"self":[{"href":"https:\/\/www.yesemekkostum.com\/satilik\/wp-json\/wp\/v2\/product\/3762","targetHints":{"allow":["GET"]}}],"collection":[{"href":"https:\/\/www.yesemekkostum.com\/satilik\/wp-json\/wp\/v2\/product"}],"about":[{"href":"https:\/\/www.yesemekkostum.com\/satilik\/wp-json\/wp\/v2\/types\/product"}],"replies":[{"embeddable":true,"href":"https:\/\/www.yesemekkostum.com\/satilik\/wp-json\/wp\/v2\/comments?post=3762"}],"wp:featuredmedia":[{"embeddable":true,"href":"https:\/\/www.yesemekkostum.com\/satilik\/wp-json\/wp\/v2\/media\/3440"}],"wp:attachment":[{"href":"https:\/\/www.yesemekkostum.com\/satilik\/wp-json\/wp\/v2\/media?parent=3762"}],"wp:term":[{"taxonomy":"product_brand","embeddable":true,"href":"https:\/\/www.yesemekkostum.com\/satilik\/wp-json\/wp\/v2\/product_brand?post=3762"},{"taxonomy":"product_cat","embeddable":true,"href":"https:\/\/www.yesemekkostum.com\/satilik\/wp-json\/wp\/v2\/product_cat?post=3762"},{"taxonomy":"product_tag","embeddable":true,"href":"https:\/\/www.yesemekkostum.com\/satilik\/wp-json\/wp\/v2\/product_tag?post=3762"}],"curies":[{"name":"wp","href":"https:\/\/api.w.org\/{rel}","templated":true}]}}