{"id":3413,"date":"2023-06-05T11:49:20","date_gmt":"2023-06-05T11:49:20","guid":{"rendered":"https:\/\/www.yesemekkostum.com\/kiralik\/?post_type=product&#038;p=3413"},"modified":"2023-06-05T11:49:24","modified_gmt":"2023-06-05T11:49:24","slug":"kafkas-yoresi-uzun-islemeli-kiz-cocuk-kostumu","status":"publish","type":"product","link":"https:\/\/www.yesemekkostum.com\/kiralik\/product\/kafkas-yoresi-uzun-islemeli-kiz-cocuk-kostumu\/","title":{"rendered":"KAFKAS Y\u00d6RES\u0130 UZUN \u0130\u015eLEMEL\u0130 KIZ \u00c7OCUK KOST\u00dcM\u00dc"},"content":{"rendered":"<table width=\"306\">\n<tbody>\n<tr>\n<td width=\"306\">Kafkas y\u00f6resi k\u0131z \u00e7ocuk kost\u00fcm\u00fc(Uzun i\u015flemeli);Ba\u015fl\u0131k(Fes,suta\u015f\u0131 monteli),beyaz \u015fifon pelerin,beyaz saten uzun elbise,Beyaz \u00fcst\u00fc g\u00fcm\u00fc\u015f i\u015fleme kuma\u015ftan elbise-kaftan,saten kemer.Kafkas y\u00f6resi k\u0131z \u00e7ocuk kost\u00fcm\u00fc(Cepkenli) toplam,be\u015f par\u00e7adan olu\u015fmaktad\u0131r.<\/td>\n<\/tr>\n<\/tbody>\n<\/table>\n","protected":false},"excerpt":{"rendered":"<p>Kafkas y\u00f6resi k\u0131z \u00e7ocuk kost\u00fcm\u00fc(Uzun i\u015flemeli);Ba\u015fl\u0131k(Fes,suta\u015f\u0131 monteli),beyaz \u015fifon pelerin,beyaz saten uzun elbise,Beyaz \u00fcst\u00fc g\u00fcm\u00fc\u015f i\u015fleme kuma\u015ftan elbise-kaftan,saten kemer.Kafkas y\u00f6resi k\u0131z \u00e7ocuk kost\u00fcm\u00fc(Cepkenli) toplam,be\u015f par\u00e7adan olu\u015fmaktad\u0131r.<\/p>\n","protected":false},"featured_media":3443,"comment_status":"open","ping_status":"closed","template":"","meta":[],"product_brand":[],"product_cat":[154,153,132],"product_tag":[],"class_list":{"0":"post-3413","1":"product","2":"type-product","3":"status-publish","4":"has-post-thumbnail","6":"product_cat-cocuk-genc","7":"product_cat-halkoyunlari","8":"product_cat-kiralik","10":"first","11":"instock","12":"shipping-taxable","13":"product-type-simple"},"_links":{"self":[{"href":"https:\/\/www.yesemekkostum.com\/kiralik\/wp-json\/wp\/v2\/product\/3413","targetHints":{"allow":["GET"]}}],"collection":[{"href":"https:\/\/www.yesemekkostum.com\/kiralik\/wp-json\/wp\/v2\/product"}],"about":[{"href":"https:\/\/www.yesemekkostum.com\/kiralik\/wp-json\/wp\/v2\/types\/product"}],"replies":[{"embeddable":true,"href":"https:\/\/www.yesemekkostum.com\/kiralik\/wp-json\/wp\/v2\/comments?post=3413"}],"wp:featuredmedia":[{"embeddable":true,"href":"https:\/\/www.yesemekkostum.com\/kiralik\/wp-json\/wp\/v2\/media\/3443"}],"wp:attachment":[{"href":"https:\/\/www.yesemekkostum.com\/kiralik\/wp-json\/wp\/v2\/media?parent=3413"}],"wp:term":[{"taxonomy":"product_brand","embeddable":true,"href":"https:\/\/www.yesemekkostum.com\/kiralik\/wp-json\/wp\/v2\/product_brand?post=3413"},{"taxonomy":"product_cat","embeddable":true,"href":"https:\/\/www.yesemekkostum.com\/kiralik\/wp-json\/wp\/v2\/product_cat?post=3413"},{"taxonomy":"product_tag","embeddable":true,"href":"https:\/\/www.yesemekkostum.com\/kiralik\/wp-json\/wp\/v2\/product_tag?post=3413"}],"curies":[{"name":"wp","href":"https:\/\/api.w.org\/{rel}","templated":true}]}}