{"id":3314,"date":"2023-06-05T11:48:49","date_gmt":"2023-06-05T11:48:49","guid":{"rendered":"https:\/\/www.yesemekkostum.com\/kiralik\/?post_type=product&#038;p=3314"},"modified":"2023-06-05T11:49:06","modified_gmt":"2023-06-05T11:49:06","slug":"meksika-kiz-kostumu","status":"publish","type":"product","link":"https:\/\/www.yesemekkostum.com\/kiralik\/product\/meksika-kiz-kostumu\/","title":{"rendered":"MEKS\u0130KA KIZ KOST\u00dcM\u00dc"},"content":{"rendered":"<table width=\"306\">\n<tbody>\n<tr>\n<td width=\"306\">\u00dcr\u00fcn\u00fcm\u00fcz, Ba\u015fta \u00e7i\u00e7ekli aksesuar. Terikoton kuma\u015ftan madonna yakal\u0131 bluz. Saten kuma\u015ftan uzun etek olmak \u00fczere \u00fc\u00e7 par\u00e7adan olu\u015fmaktad\u0131r.<\/td>\n<\/tr>\n<\/tbody>\n<\/table>\n","protected":false},"excerpt":{"rendered":"<p><a href=\"https:\/\/www.yesemekkostum.com\/kiralik\/wp-content\/uploads\/2021\/01\/tablo.png\"><img fetchpriority=\"high\" decoding=\"async\" class=\"alignnone size-full wp-image-10298\" src=\"https:\/\/www.yesemekkostum.com\/kiralik\/wp-content\/uploads\/2021\/01\/tablo.png\" alt=\"\" width=\"3840\" height=\"1574\" \/><\/a><\/p>\n","protected":false},"featured_media":3340,"comment_status":"open","ping_status":"closed","template":"","meta":[],"product_brand":[],"product_cat":[133,132,149],"product_tag":[],"class_list":{"0":"post-3314","1":"product","2":"type-product","3":"status-publish","4":"has-post-thumbnail","6":"product_cat-animasyon","7":"product_cat-kiralik","8":"product_cat-ulke-kostumleri","10":"first","11":"instock","12":"shipping-taxable","13":"product-type-simple"},"_links":{"self":[{"href":"https:\/\/www.yesemekkostum.com\/kiralik\/wp-json\/wp\/v2\/product\/3314","targetHints":{"allow":["GET"]}}],"collection":[{"href":"https:\/\/www.yesemekkostum.com\/kiralik\/wp-json\/wp\/v2\/product"}],"about":[{"href":"https:\/\/www.yesemekkostum.com\/kiralik\/wp-json\/wp\/v2\/types\/product"}],"replies":[{"embeddable":true,"href":"https:\/\/www.yesemekkostum.com\/kiralik\/wp-json\/wp\/v2\/comments?post=3314"}],"wp:featuredmedia":[{"embeddable":true,"href":"https:\/\/www.yesemekkostum.com\/kiralik\/wp-json\/wp\/v2\/media\/3340"}],"wp:attachment":[{"href":"https:\/\/www.yesemekkostum.com\/kiralik\/wp-json\/wp\/v2\/media?parent=3314"}],"wp:term":[{"taxonomy":"product_brand","embeddable":true,"href":"https:\/\/www.yesemekkostum.com\/kiralik\/wp-json\/wp\/v2\/product_brand?post=3314"},{"taxonomy":"product_cat","embeddable":true,"href":"https:\/\/www.yesemekkostum.com\/kiralik\/wp-json\/wp\/v2\/product_cat?post=3314"},{"taxonomy":"product_tag","embeddable":true,"href":"https:\/\/www.yesemekkostum.com\/kiralik\/wp-json\/wp\/v2\/product_tag?post=3314"}],"curies":[{"name":"wp","href":"https:\/\/api.w.org\/{rel}","templated":true}]}}