{"id":3119,"date":"2023-06-05T11:48:18","date_gmt":"2023-06-05T11:48:18","guid":{"rendered":"https:\/\/www.yesemekkostum.com\/kiralik\/?post_type=product&#038;p=3119"},"modified":"2023-06-05T11:48:21","modified_gmt":"2023-06-05T11:48:21","slug":"horoz-kostumu","status":"publish","type":"product","link":"https:\/\/www.yesemekkostum.com\/kiralik\/product\/horoz-kostumu\/","title":{"rendered":"HOROZ KOST\u00dcM\u00dc"},"content":{"rendered":"<p>%100 yerli \u00fcretimdir.<\/p>\n<p>Yesemek kost\u00fcm taraf\u0131ndan tasarlan\u0131p \u00fcretilmi\u015ftir.<\/p>\n<p>Do\u011fum g\u00fcnleri,sahne ve okul g\u00f6sterilerinde ve kost\u00fcm partileri i\u00e7in kullan\u0131ma uygundur.<\/p>\n<p>Rahat giyimiyle fark yaratmaktad\u0131r.<\/p>\n","protected":false},"excerpt":{"rendered":"<p>\u00dcr\u00fcn\u00fcm\u00fcz tulum \u015feklinde \u00f6nden fermuarl\u0131 olarak \u00fcretilmi\u015ftir.<\/p>\n<p>Polar kuma\u015ftan \u00fcretilmi\u015ftir.<\/p>\n<p>Not:Tek \u00fcr\u00fcn kiralama yap\u0131lmamaktat\u0131r.<\/p>\n<p>Bilgi ve ileti\u015fim i\u00e7in l\u00fctfen kiralama formumuzu doldurunuz<\/p>\n","protected":false},"featured_media":3149,"comment_status":"open","ping_status":"closed","template":"","meta":[],"product_brand":[],"product_cat":[133,134,132],"product_tag":[128],"class_list":{"0":"post-3119","1":"product","2":"type-product","3":"status-publish","4":"has-post-thumbnail","6":"product_cat-animasyon","7":"product_cat-hayvan-kostumu","8":"product_cat-kiralik","9":"product_tag-kiralik","11":"first","12":"instock","13":"shipping-taxable","14":"product-type-simple"},"_links":{"self":[{"href":"https:\/\/www.yesemekkostum.com\/kiralik\/wp-json\/wp\/v2\/product\/3119","targetHints":{"allow":["GET"]}}],"collection":[{"href":"https:\/\/www.yesemekkostum.com\/kiralik\/wp-json\/wp\/v2\/product"}],"about":[{"href":"https:\/\/www.yesemekkostum.com\/kiralik\/wp-json\/wp\/v2\/types\/product"}],"replies":[{"embeddable":true,"href":"https:\/\/www.yesemekkostum.com\/kiralik\/wp-json\/wp\/v2\/comments?post=3119"}],"wp:featuredmedia":[{"embeddable":true,"href":"https:\/\/www.yesemekkostum.com\/kiralik\/wp-json\/wp\/v2\/media\/3149"}],"wp:attachment":[{"href":"https:\/\/www.yesemekkostum.com\/kiralik\/wp-json\/wp\/v2\/media?parent=3119"}],"wp:term":[{"taxonomy":"product_brand","embeddable":true,"href":"https:\/\/www.yesemekkostum.com\/kiralik\/wp-json\/wp\/v2\/product_brand?post=3119"},{"taxonomy":"product_cat","embeddable":true,"href":"https:\/\/www.yesemekkostum.com\/kiralik\/wp-json\/wp\/v2\/product_cat?post=3119"},{"taxonomy":"product_tag","embeddable":true,"href":"https:\/\/www.yesemekkostum.com\/kiralik\/wp-json\/wp\/v2\/product_tag?post=3119"}],"curies":[{"name":"wp","href":"https:\/\/api.w.org\/{rel}","templated":true}]}}